{"id":183,"date":"2018-06-21T11:46:08","date_gmt":"2018-06-21T04:46:08","guid":{"rendered":"http:\/\/localhost\/web3b\/thienan\/?page_id=183"},"modified":"2020-09-25T13:54:17","modified_gmt":"2020-09-25T06:54:17","slug":"https-viccothanglong-com-vn-gioi-thieu","status":"publish","type":"page","link":"https:\/\/trabinco.com\/en\/","title":{"rendered":"Trang ch\u1ee7"},"content":{"rendered":"<p>[vc_section full_width=&#8221;stretch_row_content&#8221;][vc_row full_width=&#8221;stretch_row_content_no_spaces&#8221;][vc_column][vc_column_text]<div id=\"metaslider-id-198\" style=\"width: 100%; margin: 0 auto;\" class=\"ml-slider-3-17-1 metaslider metaslider-flex metaslider-198 ml-slider\">\n    <div id=\"metaslider_container_198\">\n        <div id=\"metaslider_198\" class=\"flexslider\">\n            <ul aria-live=\"polite\" class=\"slides\">\n                <li style=\"display: block; width: 100%;\" class=\"slide-1158 ms-image\"><img src=\"https:\/\/trabinco.com\/wp-content\/uploads\/2020\/07\/Layer-136-e1597975106233-521x189.jpg\" height=\"700\" width=\"1920\" alt=\"\" class=\"slider-198 slide-1158\" title=\"Layer-136\" \/><\/li>\n                <li style=\"display: none; width: 100%;\" class=\"slide-1164 ms-image\"><img src=\"https:\/\/trabinco.com\/wp-content\/uploads\/2020\/08\/DL-1-960x350.jpg\" height=\"700\" width=\"1920\" alt=\"\" class=\"slider-198 slide-1164\" title=\"DL 1\" \/><\/li>\n                <li style=\"display: none; width: 100%;\" class=\"slide-1225 ms-image\"><img src=\"https:\/\/trabinco.com\/wp-content\/uploads\/2020\/09\/CAU-YEN-2409-1920x700.jpg\" height=\"700\" width=\"1920\" alt=\"\" class=\"slider-198 slide-1225\" title=\"CAU YEN 2409\" \/><\/li>\n            <\/ul>\n        <\/div>\n        \n    <\/div>\n<\/div>[\/vc_column_text][\/vc_column][\/vc_row][\/vc_section][vc_section][vc_row][vc_column][vc_custom_heading text=&#8221;GI\u1edaI THI\u1ec6U&#8221; font_container=&#8221;tag:h2|text_align:center&#8221; use_theme_fonts=&#8221;yes&#8221; el_class=&#8221;heading&#8221;][\/vc_column][\/vc_row][vc_row content_placement=&#8221;top&#8221;][vc_column width=&#8221;1\/2&#8243;][vc_single_image image=&#8221;1099&#8243; img_size=&#8221;large&#8221;][\/vc_column][vc_column width=&#8221;1\/2&#8243;][vc_column_text]<span style=\"color: #12b662;\">C\u00f4ng ty TNHH \u0110\u1ea7u t\u01b0 v\u00e0 KD TM Qu\u1ed1c t\u1ebf (Trabinco)<\/span>\u00a0l\u00e0 m\u1ed9t doanh nghi\u1ec7p ho\u1ea1t \u0111\u1ed9ng \u0111a l\u0129nh v\u1ef1c, \u0111a ng\u00e0nh ngh\u1ec1 trong ph\u1ea1m vi c\u1ea3 n\u01b0\u1edbc, h\u1ee3p t\u00e1c kinh doanh hi\u1ec7u qu\u1ea3 v\u1edbi nhi\u1ec1u C\u00f4ng ty v\u00e0 T\u1eadp \u0111o\u00e0n kinh t\u1ebf l\u1edbn tr\u00ean Th\u1ebf gi\u1edbi.<\/p>\n<p>V\u1edbi tri\u1ebft l\u00fd\u00a0<span style=\"color: #12b662;\">\u201cCh\u1ea5t l\u01b0\u1ee3ng \u0111\u1ec3 Tr\u01b0\u1eddng t\u1ed3n\u201d<\/span>\u00a0ch\u00fang t\u00f4i lu\u00f4n h\u01b0\u1edbng t\u1edbi ch\u1ea5t l\u01b0\u1ee3ng s\u1ea3n ph\u1ea9m v\u00e0 d\u1ecbch v\u1ee5 b\u00e1n h\u00e0ng \u0111\u00e1p \u1ee9ng m\u1ee5c ti\u00eau ph\u00e1t tri\u1ec3n b\u1ec1n v\u1eefng cho ch\u00ednh Trabinco v\u00e0 cho kh\u00e1ch h\u00e0ng c\u1ee7a m\u00ecnh.<\/p>\n<p>Hi\u1ec7n nay, v\u1edbi nh\u1eefng ng\u00e0nh ngh\u1ec1 kinh doanh ch\u00ednh Trabinco \u0111ang cung c\u1ea5p cho kh\u00e1ch h\u00e0ng c\u1ee7a m\u00ecnh nh\u1eefng s\u1ea3n ph\u1ea9m v\u1edbi ch\u1ea5t l\u01b0\u1ee3ng cao nh\u1ea5t.<\/p>\n<p>[\/vc_column_text][\/vc_column][\/vc_row][\/vc_section][vc_section full_width=&#8221;stretch_row&#8221; css=&#8221;.vc_custom_1595785503600{background-color: #12b662 !important;}&#8221;][vc_row][vc_column][vc_custom_heading text=&#8221;D\u1ecbch v\u1ee5&#8221; font_container=&#8221;tag:h2|text_align:center|color:%23ffffff&#8221; use_theme_fonts=&#8221;yes&#8221; el_class=&#8221;heading&#8221;][vc_raw_html css=&#8221;.vc_custom_1575958131227{padding-bottom: 30px !important;}&#8221;]JTVCc2hibG9nJTIwcG9zdHNfcGVyX3BhZ2UlM0QlMjI4JTIyJTIwY2F0ZWdvcmllcyUzRCUyMjMxJTIyJTIwbnVtYmVyX2NoYXJhY3RlciUzRCUyMjE0MCUyMiUyMHN0eWxlJTNEJTIyNCUyMiU1RA==[\/vc_raw_html][\/vc_column][\/vc_row][\/vc_section][vc_section full_width=&#8221;stretch_row&#8221; css=&#8221;.vc_custom_1576030799487{background-color: #f7f8fa !important;}&#8221;][vc_row][vc_column][vc_custom_heading text=&#8221;S\u1ea3n ph\u1ea9m&#8221; font_container=&#8221;tag:h2|text_align:center|color:%23000000&#8243; use_theme_fonts=&#8221;yes&#8221; el_class=&#8221;heading&#8221;][vc_raw_html css=&#8221;.vc_custom_1595787092457{padding-bottom: 30px !important;}&#8221;]JTVCc2hwcm9kdWN0JTIwJTIwY2F0ZWdvcmllcyUzRCUyMjMwJTIyJTIwcG9zdHNfcGVyX3BhZ2UlM0QlMjI4JTIyJTVE[\/vc_raw_html][\/vc_column][\/vc_row][\/vc_section][vc_section][vc_row el_id=&#8221;home-project&#8221;][vc_column][vc_custom_heading text=&#8221;D\u1ef0 \u00c1N TI\u00caU BI\u1ec2U&#8221; font_container=&#8221;tag:h2|text_align:center&#8221; use_theme_fonts=&#8221;yes&#8221; el_class=&#8221;heading&#8221;][vc_raw_html]JTVCc2hwcm9qZWN0JTIwcG9zdHNfcGVyX3BhZ2UlM0QlMjI1JTIyJTIwY2F0ZWdvcmllcyUzRCUyMjQwJTIyJTIwbnVtYmVyX2NoYXJhY3RlciUzRCUyMjIwMCUyMiUyMHN0eWxlJTNEJTIyOCUyMiU1RA==[\/vc_raw_html][\/vc_column][\/vc_row][\/vc_section][vc_section full_width=&#8221;stretch_row&#8221; css=&#8221;.vc_custom_1595785832042{background-color: #12b662 !important;background-position: center !important;background-repeat: no-repeat !important;background-size: cover !important;}&#8221;][vc_row][vc_column][vc_custom_heading text=&#8221;TH\u01af VI\u1ec6N \u1ea2NH&#8221; font_container=&#8221;tag:h2|text_align:center|color:%23ffffff&#8221; use_theme_fonts=&#8221;yes&#8221; el_class=&#8221;heading&#8221;][vc_raw_html]JTVCdGh1dmllbmFuaCU1RA==[\/vc_raw_html][\/vc_column][\/vc_row][\/vc_section][vc_section full_width=&#8221;stretch_row&#8221;][vc_row][vc_column][vc_custom_heading text=&#8221;TIN T\u1ee8C N\u1ed4I B\u1eacT&#8221; font_container=&#8221;tag:h2|text_align:center&#8221; use_theme_fonts=&#8221;yes&#8221; el_class=&#8221;heading&#8221;][vc_raw_html]JTVCc2hibG9nJTIwcG9zdHNfcGVyX3BhZ2UlM0QlMjI2JTIyJTIwY2F0ZWdvcmllcyUzRCUyMjMlMjIlMjBudW1iZXJfY2hhcmFjdGVyJTNEJTIyMTQwJTIyJTIwc3R5bGUlM0QlMjI1JTIyJTVE[\/vc_raw_html][\/vc_column][\/vc_row][\/vc_section]<\/p>","protected":false},"excerpt":{"rendered":"<p>[vc_section full_width=&#8221;stretch_row_content&#8221;][vc_row full_width=&#8221;stretch_row_content_no_spaces&#8221;][vc_column][vc_column_text][\/vc_column_text][\/vc_column][\/vc_row][\/vc_section][vc_section][vc_row][vc_column][vc_custom_heading text=&#8221;GI\u1edaI THI\u1ec6U&#8221; font_container=&#8221;tag:h2|text_align:center&#8221; use_theme_fonts=&#8221;yes&#8221; el_class=&#8221;heading&#8221;][\/vc_column][\/vc_row][vc_row content_placement=&#8221;top&#8221;][vc_column width=&#8221;1\/2&#8243;][vc_single_image image=&#8221;1099&#8243; img_size=&#8221;large&#8221;][\/vc_column][vc_column width=&#8221;1\/2&#8243;][vc_column_text]C\u00f4ng ty TNHH \u0110\u1ea7u t\u01b0 v\u00e0 KD TM Qu\u1ed1c t\u1ebf (Trabinco)\u00a0l\u00e0 m\u1ed9t doanh nghi\u1ec7p ho\u1ea1t \u0111\u1ed9ng \u0111a l\u0129nh v\u1ef1c, \u0111a ng\u00e0nh ngh\u1ec1 trong ph\u1ea1m vi c\u1ea3 n\u01b0\u1edbc, h\u1ee3p t\u00e1c kinh doanh hi\u1ec7u qu\u1ea3 v\u1edbi nhi\u1ec1u C\u00f4ng ty v\u00e0 T\u1eadp \u0111o\u00e0n kinh t\u1ebf l\u1edbn [&hellip;]<\/p>\n","protected":false},"author":1,"featured_media":0,"parent":0,"menu_order":4,"comment_status":"closed","ping_status":"closed","template":"","meta":[],"yoast_head":"<!-- This site is optimized with the Yoast SEO plugin v14.7 - https:\/\/yoast.com\/wordpress\/plugins\/seo\/ -->\n<title>C\u00d4NG TY TNHH \u0110\u1ea6U T\u01af V\u00c0 KINH DOANH TH\u01af\u01a0NG M\u1ea0I QU\u1ed0C T\u1ebe - TRABINCO<\/title>\n<meta name=\"description\" content=\"C\u00f4ng ty TNHH \u0110\u1ea7u t\u01b0 v\u00e0 KD TM Qu\u1ed1c t\u1ebf (Trabinco) l\u00e0 m\u1ed9t doanh nghi\u1ec7p ho\u1ea1t \u0111\u1ed9ng \u0111a l\u0129nh v\u1ef1c, \u0111a ng\u00e0nh ngh\u1ec1 trong ph\u1ea1m vi c\u1ea3 n\u01b0\u1edbc, h\u1ee3p t\u00e1c kinh doanh hi\u1ec7u qu\u1ea3 v\u1edbi nhi\u1ec1u C\u00f4ng ty v\u00e0 T\u1eadp \u0111o\u00e0n kinh t\u1ebf l\u1edbn tr\u00ean Th\u1ebf gi\u1edbi.\" \/>\n<meta name=\"robots\" content=\"index, follow\" \/>\n<meta name=\"googlebot\" content=\"index, follow, max-snippet:-1, max-image-preview:large, max-video-preview:-1\" \/>\n<meta name=\"bingbot\" content=\"index, follow, max-snippet:-1, max-image-preview:large, max-video-preview:-1\" \/>\n<link rel=\"canonical\" href=\"https:\/\/trabinco.com\/\" \/>\n<meta property=\"og:locale\" content=\"en_US\" \/>\n<meta property=\"og:type\" content=\"article\" \/>\n<meta property=\"og:title\" content=\"C\u00d4NG TY TNHH \u0110\u1ea6U T\u01af V\u00c0 KINH DOANH TH\u01af\u01a0NG M\u1ea0I QU\u1ed0C T\u1ebe - TRABINCO\" \/>\n<meta property=\"og:description\" content=\"C\u00f4ng ty TNHH \u0110\u1ea7u t\u01b0 v\u00e0 KD TM Qu\u1ed1c t\u1ebf (Trabinco) l\u00e0 m\u1ed9t doanh nghi\u1ec7p ho\u1ea1t \u0111\u1ed9ng \u0111a l\u0129nh v\u1ef1c, \u0111a ng\u00e0nh ngh\u1ec1 trong ph\u1ea1m vi c\u1ea3 n\u01b0\u1edbc, h\u1ee3p t\u00e1c kinh doanh hi\u1ec7u qu\u1ea3 v\u1edbi nhi\u1ec1u C\u00f4ng ty v\u00e0 T\u1eadp \u0111o\u00e0n kinh t\u1ebf l\u1edbn tr\u00ean Th\u1ebf gi\u1edbi.\" \/>\n<meta property=\"og:url\" content=\"https:\/\/trabinco.com\/\" \/>\n<meta property=\"og:site_name\" content=\"C\u00f4ng ty VICCO Vi\u1ec7t Nam\" \/>\n<meta property=\"article:modified_time\" content=\"2020-09-25T06:54:17+00:00\" \/>\n<meta name=\"twitter:card\" content=\"summary_large_image\" \/>\n<script type=\"application\/ld+json\" class=\"yoast-schema-graph\">{\"@context\":\"https:\/\/schema.org\",\"@graph\":[{\"@type\":\"Organization\",\"@id\":\"https:\/\/trabinco.com\/en\/#organization\",\"name\":\"C\\u00d4NG TY TNHH \\u0110\\u1ea6U T\\u01af V\\u00c0 KINH DOANH TH\\u01af\\u01a0NG M\\u1ea0I QU\\u1ed0C T\\u1ebe\",\"url\":\"https:\/\/trabinco.com\/en\/\",\"sameAs\":[],\"logo\":{\"@type\":\"ImageObject\",\"@id\":\"https:\/\/trabinco.com\/en\/#logo\",\"inLanguage\":\"en-US\",\"url\":\"https:\/\/trabinco.com\/wp-content\/uploads\/2020\/07\/Layer-1.png\",\"width\":209,\"height\":114,\"caption\":\"C\\u00d4NG TY TNHH \\u0110\\u1ea6U T\\u01af V\\u00c0 KINH DOANH TH\\u01af\\u01a0NG M\\u1ea0I QU\\u1ed0C T\\u1ebe\"},\"image\":{\"@id\":\"https:\/\/trabinco.com\/en\/#logo\"}},{\"@type\":\"WebSite\",\"@id\":\"https:\/\/trabinco.com\/en\/#website\",\"url\":\"https:\/\/trabinco.com\/en\/\",\"name\":\"C\\u00f4ng ty VICCO Vi\\u1ec7t Nam\",\"description\":\"(Ti\\u1ebfng Vi\\u1ec7t) C\\u00d4NG TY tNhh \\u0111\\u1ea7u t\\u01b0 v\\u00e0 kinh doanh th\\u01b0\\u01a1ng mai qu\\u1ed1c t\\u1ebf\",\"publisher\":{\"@id\":\"https:\/\/trabinco.com\/en\/#organization\"},\"potentialAction\":[{\"@type\":\"SearchAction\",\"target\":\"https:\/\/trabinco.com\/en\/?s={search_term_string}\",\"query-input\":\"required name=search_term_string\"}],\"inLanguage\":\"en-US\"},{\"@type\":\"WebPage\",\"@id\":\"https:\/\/trabinco.com\/#webpage\",\"url\":\"https:\/\/trabinco.com\/\",\"name\":\"C\\u00d4NG TY TNHH \\u0110\\u1ea6U T\\u01af V\\u00c0 KINH DOANH TH\\u01af\\u01a0NG M\\u1ea0I QU\\u1ed0C T\\u1ebe - TRABINCO\",\"isPartOf\":{\"@id\":\"https:\/\/trabinco.com\/en\/#website\"},\"datePublished\":\"2018-06-21T04:46:08+00:00\",\"dateModified\":\"2020-09-25T06:54:17+00:00\",\"description\":\"C\\u00f4ng ty TNHH \\u0110\\u1ea7u t\\u01b0 v\\u00e0 KD TM Qu\\u1ed1c t\\u1ebf (Trabinco) l\\u00e0 m\\u1ed9t doanh nghi\\u1ec7p ho\\u1ea1t \\u0111\\u1ed9ng \\u0111a l\\u0129nh v\\u1ef1c, \\u0111a ng\\u00e0nh ngh\\u1ec1 trong ph\\u1ea1m vi c\\u1ea3 n\\u01b0\\u1edbc, h\\u1ee3p t\\u00e1c kinh doanh hi\\u1ec7u qu\\u1ea3 v\\u1edbi nhi\\u1ec1u C\\u00f4ng ty v\\u00e0 T\\u1eadp \\u0111o\\u00e0n kinh t\\u1ebf l\\u1edbn tr\\u00ean Th\\u1ebf gi\\u1edbi.\",\"breadcrumb\":{\"@id\":\"https:\/\/trabinco.com\/#breadcrumb\"},\"inLanguage\":\"en-US\",\"potentialAction\":[{\"@type\":\"ReadAction\",\"target\":[\"https:\/\/trabinco.com\/\"]}]},{\"@type\":\"BreadcrumbList\",\"@id\":\"https:\/\/trabinco.com\/#breadcrumb\",\"itemListElement\":[{\"@type\":\"ListItem\",\"position\":1,\"item\":{\"@type\":\"WebPage\",\"@id\":\"https:\/\/trabinco.com\/\",\"url\":\"https:\/\/trabinco.com\/\",\"name\":\"Home\"}},{\"@type\":\"ListItem\",\"position\":2,\"item\":{\"@type\":\"WebPage\",\"@id\":\"https:\/\/trabinco.com\/\",\"url\":\"https:\/\/trabinco.com\/\",\"name\":\"Trang ch\\u1ee7\"}}]}]}<\/script>\n<!-- \/ Yoast SEO plugin. -->","_links":{"self":[{"href":"https:\/\/trabinco.com\/en\/wp-json\/wp\/v2\/pages\/183"}],"collection":[{"href":"https:\/\/trabinco.com\/en\/wp-json\/wp\/v2\/pages"}],"about":[{"href":"https:\/\/trabinco.com\/en\/wp-json\/wp\/v2\/types\/page"}],"author":[{"embeddable":true,"href":"https:\/\/trabinco.com\/en\/wp-json\/wp\/v2\/users\/1"}],"replies":[{"embeddable":true,"href":"https:\/\/trabinco.com\/en\/wp-json\/wp\/v2\/comments?post=183"}],"version-history":[{"count":0,"href":"https:\/\/trabinco.com\/en\/wp-json\/wp\/v2\/pages\/183\/revisions"}],"wp:attachment":[{"href":"https:\/\/trabinco.com\/en\/wp-json\/wp\/v2\/media?parent=183"}],"curies":[{"name":"wp","href":"https:\/\/api.w.org\/{rel}","templated":true}]}}